{"id":390,"date":"2024-07-23T15:20:38","date_gmt":"2024-07-23T15:20:38","guid":{"rendered":"https:\/\/thenewmedia.pt\/mam\/liacom\/?page_id=390"},"modified":"2026-04-07T11:00:22","modified_gmt":"2026-04-07T11:00:22","slug":"coordenacao","status":"publish","type":"page","link":"https:\/\/liacom.escs.ipl.pt\/en\/equipa\/coordenacao\/","title":{"rendered":"Steering committee"},"content":{"rendered":"\n<h2 class=\"wp-block-heading\"><strong>Board<\/strong><\/h2>\n\n\n\n<div class=\"wp-block-group is-vertical is-layout-flex wp-container-core-group-is-layout-8cf370e7 wp-block-group-is-layout-flex\">\n<p>Jorge Domingos Carapinha Ver\u00edssimo (Diretor)<\/p>\n\n\n\n<p>Sandra Lopes Miranda (Sub-director)<\/p>\n\n\n\n<p>Jo\u00e3o Abreu (Vogal)<\/p>\n\n\n\n<p>Cl\u00e1udia Silvestre (Vogal)<\/p>\n\n\n\n<p><\/p>\n<\/div>\n\n\n\n<p><\/p>\n\n\n\n<h2 class=\"wp-block-heading\">Scientific Board<\/h2>\n\n\n\n<p>Maria Jo\u00e3o Anast\u00e1cio Centeno (Presidente)<br>Ana Lu\u00edsa Canelas Rasquilho Raposo (Coordenadora do eixo de investiga\u00e7\u00e3o Comunica\u00e7\u00e3o, Estrat\u00e9gias e Criatividade)<br>Fernanda do Ros\u00e1rio Farinha Bonacho<br>Jorge Domingos Carapinha Ver\u00edssimo (Diretor)<br>Jorge Francisco Martins Trindade<br>Pedro Miguel Marques Gomes<br>Maria Jos\u00e9 Mata (Coordenadora do eixo de investiga\u00e7\u00e3o M\u00e9dia, Cultura e Tecnologia)<br>Sandra Lopes Miranda (Sub-diretora)<br>Tatiana Filipa Gomes Nunes<br>Z\u00e9lia de Jesus Calv\u00e1rio Raposo dos Santos<\/p>\n\n\n\n<p><\/p>\n\n\n\n<h2 class=\"wp-block-heading\">General Assembly<\/h2>\n\n\n\n<p>Ant\u00f3nio Jos\u00e9 da Cruz Belo (President)<br>Sandra Cristina Pereira (Vice-President)<br>Ana Cristina Antunes (Secret\u00e1ria)<\/p>\n\n\n\n<p><\/p>\n\n\n\n<h2 class=\"wp-block-heading\"><strong>External Scientific Advisory Permanent Committee<\/strong><\/h2>\n\n\n\n<div class=\"wp-block-group is-vertical is-layout-flex wp-container-core-group-is-layout-8cf370e7 wp-block-group-is-layout-flex\">\n<p>Joaquim Mateus Paulo Serra &#8211; Universidade da Beira Interior (Portugal)<\/p>\n\n\n\n<p>Margarida Krohling Kunsch &#8211; Universidade de S\u00e3o Paulo (Brazil)<\/p>\n\n\n\n<p>Mark Deuze &#8211; University of Amsterdam (Netherlands)<\/p>\n\n\n\n<p>Nicole d&#8217;Almeida &#8211; Universit\u00e9 Paris-Sorbonne (France)<\/p>\n<\/div>\n","protected":false},"excerpt":{"rendered":"<p>Board Jorge Domingos Carapinha Ver\u00edssimo (Diretor) Sandra Lopes Miranda (Sub-director) Jo\u00e3o Abreu (Vogal) Cl\u00e1udia Silvestre (Vogal) Scientific Board Maria Jo\u00e3o Anast\u00e1cio Centeno (Presidente)Ana Lu\u00edsa Canelas Rasquilho Raposo (Coordenadora do eixo de investiga\u00e7\u00e3o Comunica\u00e7\u00e3o, Estrat\u00e9gias e Criatividade)Fernanda do Ros\u00e1rio Farinha BonachoJorge Domingos Carapinha Ver\u00edssimo (Diretor)Jorge Francisco Martins TrindadePedro Miguel Marques GomesMaria Jos\u00e9 Mata (Coordenadora do eixo [&hellip;]<\/p>\n","protected":false},"author":2,"featured_media":0,"parent":386,"menu_order":2,"comment_status":"closed","ping_status":"closed","template":"","meta":{"_acf_changed":false,"footnotes":""},"class_list":["post-390","page","type-page","status-publish","hentry"],"acf":[],"_links":{"self":[{"href":"https:\/\/liacom.escs.ipl.pt\/en\/wp-json\/wp\/v2\/pages\/390","targetHints":{"allow":["GET"]}}],"collection":[{"href":"https:\/\/liacom.escs.ipl.pt\/en\/wp-json\/wp\/v2\/pages"}],"about":[{"href":"https:\/\/liacom.escs.ipl.pt\/en\/wp-json\/wp\/v2\/types\/page"}],"author":[{"embeddable":true,"href":"https:\/\/liacom.escs.ipl.pt\/en\/wp-json\/wp\/v2\/users\/2"}],"replies":[{"embeddable":true,"href":"https:\/\/liacom.escs.ipl.pt\/en\/wp-json\/wp\/v2\/comments?post=390"}],"version-history":[{"count":18,"href":"https:\/\/liacom.escs.ipl.pt\/en\/wp-json\/wp\/v2\/pages\/390\/revisions"}],"predecessor-version":[{"id":3282,"href":"https:\/\/liacom.escs.ipl.pt\/en\/wp-json\/wp\/v2\/pages\/390\/revisions\/3282"}],"up":[{"embeddable":true,"href":"https:\/\/liacom.escs.ipl.pt\/en\/wp-json\/wp\/v2\/pages\/386"}],"wp:attachment":[{"href":"https:\/\/liacom.escs.ipl.pt\/en\/wp-json\/wp\/v2\/media?parent=390"}],"curies":[{"name":"wp","href":"https:\/\/api.w.org\/{rel}","templated":true}]}}