{"id":1910,"date":"2025-04-21T16:59:43","date_gmt":"2025-04-21T16:59:43","guid":{"rendered":"https:\/\/liacom.escs.ipl.pt\/?page_id=1910"},"modified":"2025-07-16T11:14:32","modified_gmt":"2025-07-16T11:14:32","slug":"calendarizacao-e-prazos","status":"publish","type":"page","link":"https:\/\/liacom.escs.ipl.pt\/en\/conferencia-liacom\/calendarizacao-e-prazos\/","title":{"rendered":"Important dates and deadlines"},"content":{"rendered":"\n<p><\/p>\n\n\n\n<ul class=\"wp-block-list\">\n<li><s><strong>June 20, 2025: <\/strong>Deadline for abstract submission.<\/s>\n<ul class=\"wp-block-list\">\n<li><strong>July 4, 2025: <\/strong>New deadline for abstract submission.<\/li>\n<\/ul>\n<\/li>\n\n\n\n<li><s><strong>July 18, 2025: <\/strong>Notification to authors of the results of submissions.<\/s>\n<ul class=\"wp-block-list\">\n<li><strong>July, 21, 2025:<\/strong> New deadline for notifying authors of the results of submissions.<\/li>\n<\/ul>\n<\/li>\n\n\n\n<li><strong>July 21, 2025:<\/strong> Opening of registration for the conference (Participants with accepted Communication).<\/li>\n\n\n\n<li><strong>September 26, 2025: <\/strong>Deadline for registration and payment (Participants with accepted Communication).<\/li>\n\n\n\n<li><strong>November 14, 2025: <\/strong>Deadline for registration (Participants without Communication).<\/li>\n\n\n\n<li><strong>November 21, 2025: <\/strong>Opening of the call for papers for Comunica\u00e7\u00e3o P\u00fablica Journal \u2013 THEMATIC DOSSIER: \u201cThe (un)Sustainability of the Media\u201d.<\/li>\n\n\n\n<li><strong>April 10, 2026: <\/strong>Deadline for final paper submission to Comunica\u00e7\u00e3o P\u00fablica Journal.<\/li>\n<\/ul>\n","protected":false},"excerpt":{"rendered":"","protected":false},"author":1,"featured_media":0,"parent":1902,"menu_order":5,"comment_status":"closed","ping_status":"closed","template":"","meta":{"_acf_changed":false,"footnotes":""},"class_list":["post-1910","page","type-page","status-publish","hentry"],"acf":[],"_links":{"self":[{"href":"https:\/\/liacom.escs.ipl.pt\/en\/wp-json\/wp\/v2\/pages\/1910","targetHints":{"allow":["GET"]}}],"collection":[{"href":"https:\/\/liacom.escs.ipl.pt\/en\/wp-json\/wp\/v2\/pages"}],"about":[{"href":"https:\/\/liacom.escs.ipl.pt\/en\/wp-json\/wp\/v2\/types\/page"}],"author":[{"embeddable":true,"href":"https:\/\/liacom.escs.ipl.pt\/en\/wp-json\/wp\/v2\/users\/1"}],"replies":[{"embeddable":true,"href":"https:\/\/liacom.escs.ipl.pt\/en\/wp-json\/wp\/v2\/comments?post=1910"}],"version-history":[{"count":16,"href":"https:\/\/liacom.escs.ipl.pt\/en\/wp-json\/wp\/v2\/pages\/1910\/revisions"}],"predecessor-version":[{"id":2523,"href":"https:\/\/liacom.escs.ipl.pt\/en\/wp-json\/wp\/v2\/pages\/1910\/revisions\/2523"}],"up":[{"embeddable":true,"href":"https:\/\/liacom.escs.ipl.pt\/en\/wp-json\/wp\/v2\/pages\/1902"}],"wp:attachment":[{"href":"https:\/\/liacom.escs.ipl.pt\/en\/wp-json\/wp\/v2\/media?parent=1910"}],"curies":[{"name":"wp","href":"https:\/\/api.w.org\/{rel}","templated":true}]}}