{"id":1603,"date":"2025-02-10T11:03:41","date_gmt":"2025-02-10T11:03:41","guid":{"rendered":"https:\/\/liacom.escs.ipl.pt\/?page_id=1603"},"modified":"2026-01-29T11:08:28","modified_gmt":"2026-01-29T11:08:28","slug":"pedidos-de-apoio","status":"publish","type":"page","link":"https:\/\/liacom.escs.ipl.pt\/en\/investigacao\/pedidos-de-apoio\/","title":{"rendered":"Pedidos de Apoio"},"content":{"rendered":"\n<p>Apoio financeiro \u00e0 produ\u00e7\u00e3o cient\u00edfica.<br><br>\u21a6 <a href=\"https:\/\/liacom.escs.ipl.pt\/wp-content\/uploads\/2026\/01\/Regulamento-de-Apoio-Financeiro-a-Producao-Cientifica-2026.pdf\" target=\"_blank\" rel=\"noreferrer noopener\">Regulamento de Apoio Financeiro \u00e0 Produ\u00e7\u00e3o Cient\u00edfica 2026<\/a><\/p>\n\n\n\n<p>\u21a6 <a href=\"https:\/\/liacom.escs.ipl.pt\/wp-content\/uploads\/2026\/01\/Despacho-n.o-1-2026-\u2013-Apoio-Financeiro-a-Producao-Cientifica.pdf\" target=\"_blank\" rel=\"noreferrer noopener\">Consultar Despacho n.\u00ba 1\/2026 &#8211; Apoio Financeiro \u00e0 Produ\u00e7\u00e3o Cient\u00edfica<\/a><\/p>\n\n\n\n<p>\u21a6 <a href=\"https:\/\/docs.google.com\/forms\/d\/e\/1FAIpQLSex5Zyvrlt9QnSe2VlMMnpPPPGYFTBKfeIaIHkuggWVfX3E8w\/viewform\" target=\"_blank\" rel=\"noreferrer noopener\">Formul\u00e1rio para Candidatura a Apoio Financeiros<\/a><\/p>\n\n\n\n<p>\u21a6 <a href=\"https:\/\/docs.google.com\/forms\/d\/e\/1FAIpQLSc1N-IFaWSQUmmGdClMmHfIcABSxSwBQZK8owN8xPTvJKLo0w\/viewform\" target=\"_blank\" rel=\"noreferrer noopener\">Formul\u00e1rio de Formaliza\u00e7\u00e3o de Candidaturas a Projetos com Financiamento Externo<\/a><\/p>\n","protected":false},"excerpt":{"rendered":"<p>Apoio financeiro \u00e0 produ\u00e7\u00e3o cient\u00edfica. \u21a6 Regulamento de Apoio Financeiro \u00e0 Produ\u00e7\u00e3o Cient\u00edfica 2026 \u21a6 Consultar Despacho n.\u00ba 1\/2026 &#8211; Apoio Financeiro \u00e0 Produ\u00e7\u00e3o Cient\u00edfica \u21a6 Formul\u00e1rio para Candidatura a Apoio Financeiros \u21a6 Formul\u00e1rio de Formaliza\u00e7\u00e3o de Candidaturas a Projetos com Financiamento Externo<\/p>\n","protected":false},"author":2,"featured_media":0,"parent":38,"menu_order":7,"comment_status":"closed","ping_status":"closed","template":"","meta":{"_acf_changed":false,"footnotes":""},"class_list":["post-1603","page","type-page","status-publish","hentry"],"acf":[],"_links":{"self":[{"href":"https:\/\/liacom.escs.ipl.pt\/en\/wp-json\/wp\/v2\/pages\/1603","targetHints":{"allow":["GET"]}}],"collection":[{"href":"https:\/\/liacom.escs.ipl.pt\/en\/wp-json\/wp\/v2\/pages"}],"about":[{"href":"https:\/\/liacom.escs.ipl.pt\/en\/wp-json\/wp\/v2\/types\/page"}],"author":[{"embeddable":true,"href":"https:\/\/liacom.escs.ipl.pt\/en\/wp-json\/wp\/v2\/users\/2"}],"replies":[{"embeddable":true,"href":"https:\/\/liacom.escs.ipl.pt\/en\/wp-json\/wp\/v2\/comments?post=1603"}],"version-history":[{"count":4,"href":"https:\/\/liacom.escs.ipl.pt\/en\/wp-json\/wp\/v2\/pages\/1603\/revisions"}],"predecessor-version":[{"id":3131,"href":"https:\/\/liacom.escs.ipl.pt\/en\/wp-json\/wp\/v2\/pages\/1603\/revisions\/3131"}],"up":[{"embeddable":true,"href":"https:\/\/liacom.escs.ipl.pt\/en\/wp-json\/wp\/v2\/pages\/38"}],"wp:attachment":[{"href":"https:\/\/liacom.escs.ipl.pt\/en\/wp-json\/wp\/v2\/media?parent=1603"}],"curies":[{"name":"wp","href":"https:\/\/api.w.org\/{rel}","templated":true}]}}