{"id":15,"date":"2024-04-18T13:21:52","date_gmt":"2024-04-18T13:21:52","guid":{"rendered":"http:\/\/localhost\/liacom\/?page_id=15"},"modified":"2025-10-27T11:56:52","modified_gmt":"2025-10-27T11:56:52","slug":"organizacao","status":"publish","type":"page","link":"https:\/\/liacom.escs.ipl.pt\/en\/laboratorio\/organizacao\/","title":{"rendered":"Governance"},"content":{"rendered":"\n<h2 class=\"wp-block-heading\">Board<\/h2>\n\n\n\n<div class=\"wp-block-group is-vertical is-layout-flex wp-container-core-group-is-layout-8cf370e7 wp-block-group-is-layout-flex\">\n<p>Jorge Domingos Carapinha Ver\u00edssimo (Director)<\/p>\n\n\n\n<p>Sandra Lopes Miranda (Vice-director)<\/p>\n\n\n\n<p>Jo\u00e3o Abreu (Executive member)<\/p>\n\n\n\n<p>Cl\u00e1udia Silvestre (Executive member)<\/p>\n\n\n\n<p><\/p>\n<\/div>\n\n\n\n<p><\/p>\n\n\n\n<h2 class=\"wp-block-heading\">Scientific Council<\/h2>\n\n\n\n<blockquote class=\"wp-block-quote is-style-default is-layout-flow wp-block-quote-is-layout-flow\">\n<p><\/p>\n<\/blockquote>\n\n\n\n<p>Maria Jo\u00e3o Anast\u00e1cio Centeno (President)<br>Ana Lu\u00edsa Canelas Rasquilho Raposo (Coordinator of the Research Axis &#8211; Communication, Strategies, and Creativity)<br>Fernanda do Ros\u00e1rio Farinha Bonacho<br>Jorge Domingos Carapinha Ver\u00edssimo<br>Jorge Francisco Martins Trindade<br>Pedro Miguel Marques Gomes<br>Maria Jos\u00e9 Mata (Coordinator of the Research Axis &#8211; Media, Culture and Technology)<br>Sandra Lopes Miranda<br>Z\u00e9lia de Jesus Calv\u00e1rio Raposo dos Santos<br><\/p>\n\n\n\n<p><\/p>\n\n\n\n<p><\/p>\n\n\n\n<h2 class=\"wp-block-heading\">General Assembly<\/h2>\n\n\n\n<blockquote class=\"wp-block-quote is-layout-flow wp-block-quote-is-layout-flow\">\n<p><\/p>\n<\/blockquote>\n\n\n\n<p>Ant\u00f3nio Jos\u00e9 da Cruz Belo (President)<br>Sandra Cristina Pereira (Vice-President)<br>Ana Cristina Antunes (Executive member)<\/p>\n\n\n\n<p><\/p>\n\n\n\n<p><\/p>\n","protected":false},"excerpt":{"rendered":"<p>Board Jorge Domingos Carapinha Ver\u00edssimo (Director) Sandra Lopes Miranda (Vice-director) Jo\u00e3o Abreu (Executive member) Cl\u00e1udia Silvestre (Executive member) Scientific Council Maria Jo\u00e3o Anast\u00e1cio Centeno (President)Ana Lu\u00edsa Canelas Rasquilho Raposo (Coordinator of the Research Axis &#8211; Communication, Strategies, and Creativity)Fernanda do Ros\u00e1rio Farinha BonachoJorge Domingos Carapinha Ver\u00edssimoJorge Francisco Martins TrindadePedro Miguel Marques GomesMaria Jos\u00e9 Mata (Coordinator [&hellip;]<\/p>\n","protected":false},"author":1,"featured_media":0,"parent":23,"menu_order":3,"comment_status":"closed","ping_status":"closed","template":"","meta":{"_acf_changed":false,"footnotes":""},"class_list":["post-15","page","type-page","status-publish","hentry"],"acf":[],"_links":{"self":[{"href":"https:\/\/liacom.escs.ipl.pt\/en\/wp-json\/wp\/v2\/pages\/15","targetHints":{"allow":["GET"]}}],"collection":[{"href":"https:\/\/liacom.escs.ipl.pt\/en\/wp-json\/wp\/v2\/pages"}],"about":[{"href":"https:\/\/liacom.escs.ipl.pt\/en\/wp-json\/wp\/v2\/types\/page"}],"author":[{"embeddable":true,"href":"https:\/\/liacom.escs.ipl.pt\/en\/wp-json\/wp\/v2\/users\/1"}],"replies":[{"embeddable":true,"href":"https:\/\/liacom.escs.ipl.pt\/en\/wp-json\/wp\/v2\/comments?post=15"}],"version-history":[{"count":24,"href":"https:\/\/liacom.escs.ipl.pt\/en\/wp-json\/wp\/v2\/pages\/15\/revisions"}],"predecessor-version":[{"id":2812,"href":"https:\/\/liacom.escs.ipl.pt\/en\/wp-json\/wp\/v2\/pages\/15\/revisions\/2812"}],"up":[{"embeddable":true,"href":"https:\/\/liacom.escs.ipl.pt\/en\/wp-json\/wp\/v2\/pages\/23"}],"wp:attachment":[{"href":"https:\/\/liacom.escs.ipl.pt\/en\/wp-json\/wp\/v2\/media?parent=15"}],"curies":[{"name":"wp","href":"https:\/\/api.w.org\/{rel}","templated":true}]}}